{"id":54,"date":"2016-03-03T17:22:53","date_gmt":"2016-03-03T16:22:53","guid":{"rendered":"http:\/\/obsluganajmu.pl\/fr\/kontakt"},"modified":"2025-12-08T08:23:23","modified_gmt":"2025-12-08T07:23:23","slug":"contact","status":"publish","type":"page","link":"https:\/\/obsluganajmu.pl\/fr\/contact","title":{"rendered":"Contact"},"content":{"rendered":"<h2 class=\"title\">IMMOPOLSKA<\/h2>\n<p>Notre bureau est situ\u00e9 au rez-de-chauss\u00e9e du b\u00e2timent \u00e0 ul. K\u0119pna 2 B, dans une boutique avec l&#8217;entr\u00e9e face au Port Praski. Si vous suivez la navigation, il est conseill\u00e9 de se rendre \u00e0 l&#8217;adresse ul. Jagiello\u0144ska 1 &#8211; cet endroit est le plus proche de l&#8217;emplacement de notre bureau.<\/p>\n<table>\n<tbody>\n<tr>\n<th>T\u00e9l\u00e9phones<\/th>\n<td><a href=\"tel:+48 22 670 4000\">+48 22 670 4000<\/a><br \/>\n<a href=\"tel:+48 22 670 1616\">+48 22 670 1616<\/a><\/td>\n<\/tr>\n<tr>\n<th>E-mail<\/th>\n<td><a href=\"mailto:biuro@immopolska.pl\">biuro@immopolska.pl<\/a><\/td>\n<\/tr>\n<tr>\n<th>Adresse<\/th>\n<td>ul. K\u0119pna 2 B, lokal D 1<br \/>\n03-730 Warszawa<\/td>\n<\/tr>\n<tr>\n<th>NIP<br \/>\nREGON<\/th>\n<td>525-120-55-29<br \/>\n141154969<\/td>\n<\/tr>\n<\/tbody>\n<\/table>\n","protected":false},"excerpt":{"rendered":"<p>IMMOPOLSKA Notre bureau est situ\u00e9 au rez-de-chauss\u00e9e du b\u00e2timent \u00e0 ul. K\u0119pna 2 B, dans une boutique avec l&#8217;entr\u00e9e face au Port Praski. Si vous&#8230;<\/p>\n","protected":false},"author":1,"featured_media":14,"parent":0,"menu_order":0,"comment_status":"closed","ping_status":"closed","template":"page-templates\/page-contact.php","meta":{"_acf_changed":false,"footnotes":""},"class_list":["post-54","page","type-page","status-publish","has-post-thumbnail","hentry"],"acf":[],"_links":{"self":[{"href":"https:\/\/obsluganajmu.pl\/fr\/wp-json\/wp\/v2\/pages\/54","targetHints":{"allow":["GET"]}}],"collection":[{"href":"https:\/\/obsluganajmu.pl\/fr\/wp-json\/wp\/v2\/pages"}],"about":[{"href":"https:\/\/obsluganajmu.pl\/fr\/wp-json\/wp\/v2\/types\/page"}],"author":[{"embeddable":true,"href":"https:\/\/obsluganajmu.pl\/fr\/wp-json\/wp\/v2\/users\/1"}],"replies":[{"embeddable":true,"href":"https:\/\/obsluganajmu.pl\/fr\/wp-json\/wp\/v2\/comments?post=54"}],"version-history":[{"count":0,"href":"https:\/\/obsluganajmu.pl\/fr\/wp-json\/wp\/v2\/pages\/54\/revisions"}],"wp:featuredmedia":[{"embeddable":true,"href":"https:\/\/obsluganajmu.pl\/fr\/wp-json\/wp\/v2\/media\/14"}],"wp:attachment":[{"href":"https:\/\/obsluganajmu.pl\/fr\/wp-json\/wp\/v2\/media?parent=54"}],"curies":[{"name":"wp","href":"https:\/\/api.w.org\/{rel}","templated":true}]}}